{"id":4895,"date":"2023-01-30T10:28:48","date_gmt":"2023-01-30T09:28:48","guid":{"rendered":"https:\/\/www.museazone.it\/negozio\/paquete-basico\/"},"modified":"2023-05-11T15:38:03","modified_gmt":"2023-05-11T13:38:03","slug":"paquete-basico","status":"publish","type":"product","link":"https:\/\/www.museazone.it\/es\/prodotto\/paquete-basico\/","title":{"rendered":"MUSEA Paquete B\u00e1sico"},"content":{"rendered":"<p>El paquete b\u00e1sico incluye, adem\u00e1s de las funciones de la aplicaci\u00f3n en l\u00ednea de Musea, la licencia de Musea for Windows que permite activar la aplicaci\u00f3n multimedia en un t\u00f3tem con pantalla touch.<\/p>\n<p>Con esta opci\u00f3n, es posible acceder al Musea Editor durante un a\u00f1o y crear proyectos, almacenar los proyectos finales en el servidor de Musea y visualizar el resultado en un t\u00f3tem, as\u00ed como Musea Viewer para obtener una vista previa en el navegador del contenido interactivo creado o actualizado para los t\u00f3tems.<\/p>\n<p>Con el Paquete b\u00e1sico, la aplicaci\u00f3n Musea for Windows debe ser instalada por el cliente en el Mini PC del t\u00f3tem, siguiendo las instrucciones descritas en el manual correspondiente, as\u00ed mismo debe ser transferido el contenido creado en el Musea Editor al t\u00f3tem.<\/p>\n<p>Todas las licencias tienen vigencia de un a\u00f1o.<\/p>\n","protected":false},"excerpt":{"rendered":"<p><b>Publicar<\/b> <b>Musea en un<\/b> <b>T\u00f3tem touch<\/b><\/p>\n<p>Crea contenido multimedia interactivo para tu museo y publicarlo en un t\u00f3tem con pantalla touch<\/p>\n","protected":false},"featured_media":5262,"comment_status":"open","ping_status":"closed","template":"","meta":{"_monsterinsights_skip_tracking":false,"_monsterinsights_sitenote_active":false,"_monsterinsights_sitenote_note":"","_monsterinsights_sitenote_category":0,"site-sidebar-layout":"default","site-content-layout":"default","ast-global-header-display":"","ast-main-header-display":"","ast-hfb-above-header-display":"","ast-hfb-below-header-display":"","ast-hfb-mobile-header-display":"","site-post-title":"","ast-breadcrumbs-content":"","ast-featured-img":"","footer-sml-layout":"","theme-transparent-header-meta":"default","adv-header-id-meta":"","stick-header-meta":"","header-above-stick-meta":"","header-main-stick-meta":"","header-below-stick-meta":""},"product_brand":[],"product_cat":[167],"product_tag":[171],"class_list":{"0":"post-4895","1":"product","2":"type-product","3":"status-publish","4":"has-post-thumbnail","6":"product_cat-software-es-2","7":"product_tag-paquetebasico","8":"desktop-align-left","9":"tablet-align-left","10":"mobile-align-left","12":"first","13":"instock","14":"virtual","15":"taxable","16":"purchasable","17":"product-type-simple"},"jetpack_sharing_enabled":true,"_links":{"self":[{"href":"https:\/\/www.museazone.it\/es\/wp-json\/wp\/v2\/product\/4895","targetHints":{"allow":["GET"]}}],"collection":[{"href":"https:\/\/www.museazone.it\/es\/wp-json\/wp\/v2\/product"}],"about":[{"href":"https:\/\/www.museazone.it\/es\/wp-json\/wp\/v2\/types\/product"}],"replies":[{"embeddable":true,"href":"https:\/\/www.museazone.it\/es\/wp-json\/wp\/v2\/comments?post=4895"}],"version-history":[{"count":3,"href":"https:\/\/www.museazone.it\/es\/wp-json\/wp\/v2\/product\/4895\/revisions"}],"predecessor-version":[{"id":5480,"href":"https:\/\/www.museazone.it\/es\/wp-json\/wp\/v2\/product\/4895\/revisions\/5480"}],"wp:featuredmedia":[{"embeddable":true,"href":"https:\/\/www.museazone.it\/es\/wp-json\/wp\/v2\/media\/5262"}],"wp:attachment":[{"href":"https:\/\/www.museazone.it\/es\/wp-json\/wp\/v2\/media?parent=4895"}],"wp:term":[{"taxonomy":"product_brand","embeddable":true,"href":"https:\/\/www.museazone.it\/es\/wp-json\/wp\/v2\/product_brand?post=4895"},{"taxonomy":"product_cat","embeddable":true,"href":"https:\/\/www.museazone.it\/es\/wp-json\/wp\/v2\/product_cat?post=4895"},{"taxonomy":"product_tag","embeddable":true,"href":"https:\/\/www.museazone.it\/es\/wp-json\/wp\/v2\/product_tag?post=4895"}],"curies":[{"name":"wp","href":"https:\/\/api.w.org\/{rel}","templated":true}]}}