{"id":4860,"date":"2023-01-31T16:40:37","date_gmt":"2023-01-31T15:40:37","guid":{"rendered":"https:\/\/www.museazone.it\/personalizada\/"},"modified":"2023-02-16T20:38:44","modified_gmt":"2023-02-16T19:38:44","slug":"musea-personalizada","status":"publish","type":"page","link":"https:\/\/www.museazone.it\/es\/musea-personalizada\/","title":{"rendered":"Necesitas una soluci\u00f3n personalizada?"},"content":{"rendered":"\t\t<div data-elementor-type=\"wp-page\" data-elementor-id=\"4860\" class=\"elementor elementor-4860 elementor-2872\">\n\t\t\t\t\t\t\t\t\t<section class=\"elementor-section elementor-top-section elementor-element elementor-element-717569f elementor-section-boxed elementor-section-height-default elementor-section-height-default\" data-id=\"717569f\" data-element_type=\"section\" data-settings=\"{&quot;background_background&quot;:&quot;gradient&quot;}\">\n\t\t\t\t\t\t<div class=\"elementor-container elementor-column-gap-no\">\n\t\t\t\t\t<div class=\"elementor-column elementor-col-100 elementor-top-column elementor-element elementor-element-63f45a2\" data-id=\"63f45a2\" data-element_type=\"column\">\n\t\t\t<div class=\"elementor-widget-wrap elementor-element-populated\">\n\t\t\t\t\t\t\t\t<div class=\"elementor-element elementor-element-457a38a elementor-widget elementor-widget-heading\" data-id=\"457a38a\" data-element_type=\"widget\" data-widget_type=\"heading.default\">\n\t\t\t\t<div class=\"elementor-widget-container\">\n\t\t\t<style>\/*! elementor - v3.11.5 - 14-03-2023 *\/\n.elementor-heading-title{padding:0;margin:0;line-height:1}.elementor-widget-heading .elementor-heading-title[class*=elementor-size-]>a{color:inherit;font-size:inherit;line-height:inherit}.elementor-widget-heading .elementor-heading-title.elementor-size-small{font-size:15px}.elementor-widget-heading .elementor-heading-title.elementor-size-medium{font-size:19px}.elementor-widget-heading .elementor-heading-title.elementor-size-large{font-size:29px}.elementor-widget-heading .elementor-heading-title.elementor-size-xl{font-size:39px}.elementor-widget-heading .elementor-heading-title.elementor-size-xxl{font-size:59px}<\/style><h2 class=\"elementor-heading-title elementor-size-default\">Solicita una personalizaci\u00f3n<\/h2>\t\t<\/div>\n\t\t\t\t<\/div>\n\t\t\t\t\t<\/div>\n\t\t<\/div>\n\t\t\t\t\t\t\t<\/div>\n\t\t<\/section>\n\t\t\t\t<section class=\"elementor-section elementor-top-section elementor-element elementor-element-p1n3wwe elementor-section-boxed elementor-section-height-default elementor-section-height-default\" data-id=\"p1n3wwe\" data-element_type=\"section\">\n\t\t\t\t\t\t<div class=\"elementor-container elementor-column-gap-no\">\n\t\t\t\t\t<div class=\"elementor-column elementor-col-50 elementor-top-column elementor-element elementor-element-9482703\" data-id=\"9482703\" data-element_type=\"column\" data-settings=\"{&quot;background_background&quot;:&quot;classic&quot;}\">\n\t\t\t<div class=\"elementor-widget-wrap elementor-element-populated\">\n\t\t\t\t\t\t\t\t<div class=\"elementor-element elementor-element-16137f9 elementor-widget elementor-widget-text-editor\" data-id=\"16137f9\" data-element_type=\"widget\" data-widget_type=\"text-editor.default\">\n\t\t\t\t<div class=\"elementor-widget-container\">\n\t\t\t<style>\/*! elementor - v3.11.5 - 14-03-2023 *\/\n.elementor-widget-text-editor.elementor-drop-cap-view-stacked .elementor-drop-cap{background-color:#818a91;color:#fff}.elementor-widget-text-editor.elementor-drop-cap-view-framed .elementor-drop-cap{color:#818a91;border:3px solid;background-color:transparent}.elementor-widget-text-editor:not(.elementor-drop-cap-view-default) .elementor-drop-cap{margin-top:8px}.elementor-widget-text-editor:not(.elementor-drop-cap-view-default) .elementor-drop-cap-letter{width:1em;height:1em}.elementor-widget-text-editor .elementor-drop-cap{float:left;text-align:center;line-height:1;font-size:50px}.elementor-widget-text-editor .elementor-drop-cap-letter{display:inline-block}<\/style>\t\t\t\t<p>Con la versi\u00f3n <b>Musea Demo gratuita<\/b> tienes la posibilidad de comprobar lo que se puede hacer de forma sencilla e intuitiva.<\/p>\n<p>Si el modo de visualizaci\u00f3n est\u00e1ndar que ofrece MUSEA no satisface plenamente tus necesidades.<\/p>\n<p>Podr\u00e1 recibir sin compromiso una propuesta dise\u00f1ada espec\u00edficamente para tus necesidades. Vive la experiencia \u00fanica del sistema MUSEA y descubre c\u00f3mo la tecnolog\u00eda puede mejorar la experiencia de visita al museo.<\/p>\n<p>Escr\u00edbenos, s\u00ed tiene alguna pregunta, inquietud o comentario.<\/p>\n<p>Contacta con nosotros para analizar juntos una soluci\u00f3n personalizada.<\/p>\t\t\t\t\t\t<\/div>\n\t\t\t\t<\/div>\n\t\t\t\t<div class=\"elementor-element elementor-element-d6704de elementor-widget elementor-widget-image\" data-id=\"d6704de\" data-element_type=\"widget\" data-widget_type=\"image.default\">\n\t\t\t\t<div class=\"elementor-widget-container\">\n\t\t\t<style>\/*! elementor - v3.11.5 - 14-03-2023 *\/\n.elementor-widget-image{text-align:center}.elementor-widget-image a{display:inline-block}.elementor-widget-image a img[src$=\".svg\"]{width:48px}.elementor-widget-image img{vertical-align:middle;display:inline-block}<\/style>\t\t\t\t\t\t\t\t\t\t\t\t<img loading=\"lazy\" decoding=\"async\" width=\"1024\" height=\"688\" src=\"https:\/\/i0.wp.com\/www.museazone.it\/wp-content\/uploads\/2023\/02\/musea-6-e1675257751385.png?fit=1024%2C688&amp;ssl=1\" class=\"attachment-large size-large wp-image-2910\" alt=\"\" srcset=\"https:\/\/i0.wp.com\/www.museazone.it\/wp-content\/uploads\/2023\/02\/musea-6-e1675257751385.png?w=1608&amp;ssl=1 1608w, https:\/\/i0.wp.com\/www.museazone.it\/wp-content\/uploads\/2023\/02\/musea-6-e1675257751385.png?resize=416%2C279&amp;ssl=1 416w, https:\/\/i0.wp.com\/www.museazone.it\/wp-content\/uploads\/2023\/02\/musea-6-e1675257751385.png?resize=300%2C201&amp;ssl=1 300w, https:\/\/i0.wp.com\/www.museazone.it\/wp-content\/uploads\/2023\/02\/musea-6-e1675257751385.png?resize=1024%2C688&amp;ssl=1 1024w, https:\/\/i0.wp.com\/www.museazone.it\/wp-content\/uploads\/2023\/02\/musea-6-e1675257751385.png?resize=768%2C516&amp;ssl=1 768w, https:\/\/i0.wp.com\/www.museazone.it\/wp-content\/uploads\/2023\/02\/musea-6-e1675257751385.png?resize=1536%2C1032&amp;ssl=1 1536w\" sizes=\"auto, (max-width: 1000px) 100vw, 1000px\" \/>\t\t\t\t\t\t\t\t\t\t\t\t\t\t\t<\/div>\n\t\t\t\t<\/div>\n\t\t\t\t\t<\/div>\n\t\t<\/div>\n\t\t\t\t<div class=\"elementor-column elementor-col-50 elementor-top-column elementor-element elementor-element-d8c3182\" data-id=\"d8c3182\" data-element_type=\"column\" data-settings=\"{&quot;background_background&quot;:&quot;classic&quot;}\">\n\t\t\t<div class=\"elementor-widget-wrap elementor-element-populated\">\n\t\t\t\t\t\t\t\t<div class=\"elementor-element elementor-element-ee67088 elementor-widget elementor-widget-wpforms\" data-id=\"ee67088\" data-element_type=\"widget\" data-widget_type=\"wpforms.default\">\n\t\t\t\t<div class=\"elementor-widget-container\">\n\t\t\t<div class=\"wpforms-container \" id=\"wpforms-1924\"><form id=\"wpforms-form-1924\" class=\"wpforms-validate wpforms-form wpforms-ajax-form\" data-formid=\"1924\" method=\"post\" enctype=\"multipart\/form-data\" action=\"\/es\/wp-json\/wp\/v2\/pages\/4860\" data-token=\"ccbc07bbaa85e70d6f7259c31c78f439\" data-token-time=\"1777821107\"><noscript class=\"wpforms-error-noscript\">Por favor, activa JavaScript en tu navegador para completar este formulario.<\/noscript><div class=\"wpforms-field-container\"><div id=\"wpforms-1924-field_0-container\" class=\"wpforms-field wpforms-field-name\" data-field-id=\"0\"><label class=\"wpforms-field-label\" for=\"wpforms-1924-field_0\">Nombre <span class=\"wpforms-required-label\">*<\/span><\/label><input type=\"text\" id=\"wpforms-1924-field_0\" class=\"wpforms-field-medium wpforms-field-required\" name=\"wpforms[fields][0]\" required><\/div><div id=\"wpforms-1924-field_1-container\" class=\"wpforms-field wpforms-field-email\" data-field-id=\"1\"><label class=\"wpforms-field-label\" for=\"wpforms-1924-field_1\">Email <span class=\"wpforms-required-label\">*<\/span><\/label><input type=\"email\" id=\"wpforms-1924-field_1\" class=\"wpforms-field-medium wpforms-field-required\" name=\"wpforms[fields][1]\" spellcheck=\"false\" required><\/div><div id=\"wpforms-1924-field_5-container\" class=\"wpforms-field wpforms-field-text\" data-field-id=\"5\"><label class=\"wpforms-field-label\" for=\"wpforms-1924-field_5\">Compa\u00f1\u00eda <span class=\"wpforms-required-label\">*<\/span><\/label><input type=\"text\" id=\"wpforms-1924-field_5\" class=\"wpforms-field-medium wpforms-field-required\" name=\"wpforms[fields][5]\" required><\/div><div id=\"wpforms-1924-field_2-container\" class=\"wpforms-field wpforms-field-textarea\" data-field-id=\"2\"><label class=\"wpforms-field-label\" for=\"wpforms-1924-field_2\">Mensaje <span class=\"wpforms-required-label\">*<\/span><\/label><textarea id=\"wpforms-1924-field_2\" class=\"wpforms-field-medium wpforms-field-required\" name=\"wpforms[fields][2]\" required><\/textarea><\/div><div id=\"wpforms-1924-field_3-container\" class=\"wpforms-field wpforms-field-checkbox\" data-field-id=\"3\"><label class=\"wpforms-field-label\">Pol\u00edtica de privacidad <span class=\"wpforms-required-label\">*<\/span><\/label><ul id=\"wpforms-1924-field_3\" class=\"wpforms-field-required\"><li class=\"choice-1 depth-1 wpforms-selected\"><input type=\"checkbox\" id=\"wpforms-1924-field_3_1\" name=\"wpforms[fields][3][]\" value=\"Declaro que he le\u00eddo las condiciones de privacidad\" required  checked='checked'><label class=\"wpforms-field-label-inline\" for=\"wpforms-1924-field_3_1\">Declaro que he le\u00eddo las condiciones de privacidad<\/label><\/li><\/ul><div class=\"wpforms-field-description wpforms-disclaimer-description\">* De conformidad con los art\u00edculos 13 y 14 del Reg. EU 2016\/679 declara haber le\u00eddo la informaci\u00f3n sobre el procesamiento de datos personales y ser consciente de que el titular puede estar obligado a revelar datos a solicitud de las autoridades p\u00fablicas. Declaro que los datos facilitados se refieren a mi persona o, en todo caso, asumo la responsabilidad por los datos personales facilitados, incluso cuando pertenezcan a terceros, garantizando que tengo derecho a comunicarlos o difundirlos, liberando a Musea de cualquier responsabilidad frente a terceros<\/div><\/div><\/div><!-- .wpforms-field-container --><div class=\"wpforms-submit-container\" ><input type=\"hidden\" name=\"wpforms[id]\" value=\"1924\"><input type=\"hidden\" name=\"page_title\" value=\"\"><input type=\"hidden\" name=\"page_url\" value=\"https:\/\/www.museazone.it\/es\/wp-json\/wp\/v2\/pages\/4860\"><button type=\"submit\" name=\"wpforms[submit]\" id=\"wpforms-submit-1924\" class=\"wpforms-submit\" data-alt-text=\"Enviando...\" data-submit-text=\"Enviar\" aria-live=\"assertive\" value=\"wpforms-submit\">Enviar<\/button><img loading=\"lazy\" decoding=\"async\" src=\"https:\/\/www.museazone.it\/wp-content\/plugins\/wpforms-lite\/assets\/images\/submit-spin.svg\" class=\"wpforms-submit-spinner\" style=\"display: none;\" width=\"26\" height=\"26\" alt=\"Cargando\"><\/div><\/form><\/div>  <!-- .wpforms-container -->\t\t<\/div>\n\t\t\t\t<\/div>\n\t\t\t\t\t<\/div>\n\t\t<\/div>\n\t\t\t\t\t\t\t<\/div>\n\t\t<\/section>\n\t\t\t\t\t\t\t<\/div>\n\t\t","protected":false},"excerpt":{"rendered":"<p>Solicita una personalizaci\u00f3n Con la versi\u00f3n Musea Demo gratuita tienes la posibilidad de comprobar lo que se puede hacer de forma sencilla e intuitiva. Si el modo de visualizaci\u00f3n est\u00e1ndar que ofrece MUSEA no satisface plenamente tus necesidades. Podr\u00e1 recibir sin compromiso una propuesta dise\u00f1ada espec\u00edficamente para tus necesidades. Vive la experiencia \u00fanica del sistema &hellip;<\/p>\n<p class=\"read-more\"> <a class=\"\" href=\"https:\/\/www.museazone.it\/es\/musea-personalizada\/\"> <span class=\"screen-reader-text\">Necesitas una soluci\u00f3n personalizada?<\/span> Leer m\u00e1s &raquo;<\/a><\/p>\n","protected":false},"author":31,"featured_media":0,"parent":0,"menu_order":0,"comment_status":"closed","ping_status":"closed","template":"","meta":{"_monsterinsights_skip_tracking":false,"_monsterinsights_sitenote_active":false,"_monsterinsights_sitenote_note":"","_monsterinsights_sitenote_category":0,"site-sidebar-layout":"no-sidebar","site-content-layout":"page-builder","ast-global-header-display":"","ast-main-header-display":"","ast-hfb-above-header-display":"","ast-hfb-below-header-display":"","ast-hfb-mobile-header-display":"","site-post-title":"disabled","ast-breadcrumbs-content":"","ast-featured-img":"disabled","footer-sml-layout":"","theme-transparent-header-meta":"","adv-header-id-meta":"","stick-header-meta":"","header-above-stick-meta":"","header-main-stick-meta":"","header-below-stick-meta":"","footnotes":""},"class_list":["post-4860","page","type-page","status-publish","hentry"],"jetpack_sharing_enabled":true,"_links":{"self":[{"href":"https:\/\/www.museazone.it\/es\/wp-json\/wp\/v2\/pages\/4860","targetHints":{"allow":["GET"]}}],"collection":[{"href":"https:\/\/www.museazone.it\/es\/wp-json\/wp\/v2\/pages"}],"about":[{"href":"https:\/\/www.museazone.it\/es\/wp-json\/wp\/v2\/types\/page"}],"author":[{"embeddable":true,"href":"https:\/\/www.museazone.it\/es\/wp-json\/wp\/v2\/users\/31"}],"replies":[{"embeddable":true,"href":"https:\/\/www.museazone.it\/es\/wp-json\/wp\/v2\/comments?post=4860"}],"version-history":[{"count":7,"href":"https:\/\/www.museazone.it\/es\/wp-json\/wp\/v2\/pages\/4860\/revisions"}],"predecessor-version":[{"id":4966,"href":"https:\/\/www.museazone.it\/es\/wp-json\/wp\/v2\/pages\/4860\/revisions\/4966"}],"wp:attachment":[{"href":"https:\/\/www.museazone.it\/es\/wp-json\/wp\/v2\/media?parent=4860"}],"curies":[{"name":"wp","href":"https:\/\/api.w.org\/{rel}","templated":true}]}}